{"id":118,"date":"2020-11-10T20:31:28","date_gmt":"2020-11-10T20:31:28","guid":{"rendered":"https:\/\/marfil.com.gt\/?page_id=118"},"modified":"2020-11-11T04:06:22","modified_gmt":"2020-11-11T04:06:22","slug":"quienes-somos","status":"publish","type":"page","link":"https:\/\/marfil.com.gt\/?page_id=118","title":{"rendered":"Quienes Somos"},"content":{"rendered":"<p><strong>Servicios Marfil, S.A.<\/strong>\u00a0es una empresa que se ha dedicado durante los \u00faltimos veinticinco a\u00f1os a la prestaci\u00f3n de servicios de seguridad privada a empresas de diversa actividad econ\u00f3mica. Autorizada por el acuerdo gubernativo 300-96, Servicios Marfil cuenta con la autorizaci\u00f3n del Ministerio de Gobernaci\u00f3n, Direcci\u00f3n de Control de Armas y municiones (Digecam), as\u00ed como de la Direcci\u00f3n general de empresas de seguridad privada DIGESSP para operar dentro del territorio Nacional.<\/p>\n<p>Desde sus inicios, Servicios Marfil se ha esforzado por innovar y tecnificar tanto el recurso humano como los equipos con los que cuenta a trav\u00e9s de constantes entrenamientos y capacitaciones, dentro de los que se incluyen t\u00e9cnicas eficientes de defensa personal, tiro, acondicionamiento f\u00edsico y mental, relaciones humanas e interpersonales; lo que hace que nuestro equipo de trabajo sea proactivo y no reactivo.<\/p>\n<p>Estamos comprometidos con la construcci\u00f3n de un espacio seguro y confiable para nuestros clientes y sus colaboradores, invertimos tiempo y recursos en nuestros agentes ya que reconocemos que son nuestra carta de presentaci\u00f3n y los que conllevan el dia a dia con nuestros clientes.\u00a0 Mantenemos una comunicaci\u00f3n constante para mantener un ambiente abierto y eficiente dentro de nuestro espacio de trabajo.<\/p>\n<p>Esto nos ha permitido ofrecer el tipo de seguridad que cualquier empresa o persona particular solicite, tenga la certeza que pondremos a su disposici\u00f3n el servicio \u00e1gil y seguro que usted, su familia y su empresa necesitan.<\/p>\n","protected":false},"excerpt":{"rendered":"<p>Servicios Marfil, S.A.\u00a0es una empresa que se ha dedicado durante los \u00faltimos veinticinco a\u00f1os a la prestaci\u00f3n de servicios de seguridad privada a empresas de diversa actividad econ\u00f3mica. Autorizada por el acuerdo gubernativo 300-96, Servicios Marfil cuenta con la autorizaci\u00f3n del Ministerio de Gobernaci\u00f3n, Direcci\u00f3n de Control de Armas y municiones (Digecam), as\u00ed como de [&hellip;]<\/p>\n","protected":false},"author":1,"featured_media":20,"parent":0,"menu_order":0,"comment_status":"closed","ping_status":"closed","template":"page-somos.php","meta":{"_joinchat":[]},"_links":{"self":[{"href":"https:\/\/marfil.com.gt\/index.php?rest_route=\/wp\/v2\/pages\/118"}],"collection":[{"href":"https:\/\/marfil.com.gt\/index.php?rest_route=\/wp\/v2\/pages"}],"about":[{"href":"https:\/\/marfil.com.gt\/index.php?rest_route=\/wp\/v2\/types\/page"}],"author":[{"embeddable":true,"href":"https:\/\/marfil.com.gt\/index.php?rest_route=\/wp\/v2\/users\/1"}],"replies":[{"embeddable":true,"href":"https:\/\/marfil.com.gt\/index.php?rest_route=%2Fwp%2Fv2%2Fcomments&post=118"}],"version-history":[{"count":4,"href":"https:\/\/marfil.com.gt\/index.php?rest_route=\/wp\/v2\/pages\/118\/revisions"}],"predecessor-version":[{"id":129,"href":"https:\/\/marfil.com.gt\/index.php?rest_route=\/wp\/v2\/pages\/118\/revisions\/129"}],"wp:featuredmedia":[{"embeddable":true,"href":"https:\/\/marfil.com.gt\/index.php?rest_route=\/wp\/v2\/media\/20"}],"wp:attachment":[{"href":"https:\/\/marfil.com.gt\/index.php?rest_route=%2Fwp%2Fv2%2Fmedia&parent=118"}],"curies":[{"name":"wp","href":"https:\/\/api.w.org\/{rel}","templated":true}]}}